{"id":57,"date":"2019-06-28T15:45:10","date_gmt":"2019-06-28T13:45:10","guid":{"rendered":"http:\/\/rechtsexpert.de\/web\/?page_id=57"},"modified":"2022-04-04T20:22:00","modified_gmt":"2022-04-04T18:22:00","slug":"inprint","status":"publish","type":"page","link":"http:\/\/rechtsexpert.de\/web\/inprint\/","title":{"rendered":"inprint"},"content":{"rendered":"\n<p>Rechtsanwalt Ole Eilers, M.B.A.<\/p>\n\n\n\n<h3 class=\"wp-block-heading\"><strong>Provider in terms of the \u201eTeledienstegesetz\u201c<\/strong><\/h3>\n\n\n\n<p>Rechtsanwalt Ole Eilers, Liebigstr 12, 80538 M\u00fcnchen<\/p>\n\n\n\n<h3 class=\"wp-block-heading\"><strong>The person responsible in terms of \u00a7 6 II Mediendienstestaatsvertrag<\/strong><\/h3>\n\n\n\n<p>Rechtsanwalt Ole Eilers, VAT Reg.No:&nbsp;DE 248459770<\/p>\n\n\n\n<p>Ole Eilers Rechtsanwalt has acquired the occupation licence for Germany.&nbsp; Rechtsanwalt Ole Eilers is a member of the Lawyer Chamber&nbsp;for the federal court district Munich and has as M.B.A. from the University of Augsburg. There is professional liabilty insurance \u00a7 51 BRAO with europe wide validity at Generali Versicherungs AG, Adenauer Ring 7-9, 81737 M\u00fcnchen.<\/p>\n\n\n\n<p>If there is no hourly rate already negotiated, the following payment rules apply for the office activity:<\/p>\n\n\n\n<ul class=\"wp-block-list\"><li>BRAO \u2013 Bundesrechtsanwaltsordnung&nbsp;<\/li><li>BORA \u2013 Berufsordnung f\u00fcr Rechtsanw\u00e4lte&nbsp;<\/li><li>FAO \u2013 Fachanwaltsordnung&nbsp;<\/li><li>RVG \u2013 Rechtsanwaltsverg\u00fctungsgesetz<\/li><\/ul>\n\n\n\n<p>All these regulations you can find under:&nbsp;<a href=\"http:\/\/www.brak.de\/\">www.brak.de<\/a><\/p>\n\n\n\n<p>Hinweis: Teilweise wird die Auffassung vertreten, dass man allein durch die Anbringung bzw. Ausbringung von Links f\u00fcr die Inhalte der gelinkten Seite mit verantwortlich ist. Dies soll nach dieser Auffassung nur dadurch verhindert werden k\u00f6nnen, dass man sich ausdr\u00fccklich von den Inhalten der gelinkten Seite bzw. des gesamten Webs distanziert.<br><\/p>\n\n\n\n<p>Wir haben auf unserer Homepage Links zu anderen Seiten im Internet angelegt. F\u00fcr alle Links gilt: Wir haben keinerlei Einfluss auf die Gestaltung und Inhalte der gelinkten Seiten. Deshalb distanzieren wir uns hiermit ausdr\u00fccklich von allen Inhalten aller auf unserer Homepage gelinkten Seiten inkl. aller Unterseiten und deren Unterlinks oder andere Weiterleitungsmechanismen. Diese Erkl\u00e4rung gilt f\u00fcr alle auf unserer Homepage ausgebrachten Links und f\u00fcr alle Inhalte der Seiten, zu denen Links, Banner oder sonstige Verkn\u00fcpfungen f\u00fchren. Dies ist ein rein rechtlich notwendiger Hinweis und beinhaltet keinerlei Wertung des Inhalts der gelinkten Seiten.<\/p>\n\n\n\n<p>Wir sind au\u00dferdem in keinem Fall verantwortlich f\u00fcr die Inhalte von Internetseiten, die auf uns verweisen. Wir sind auch nicht in der Lage, Verweise auf uns festzustellen oder zu \u00fcberpr\u00fcfen. Wir haben ferner keinen Einfluss darauf, wie die hier angebotenen Informationen vom Nutzer verwendet, weitergegeben oder ver\u00e4ndert weitergegeben werden. Wir k\u00f6nnen daher f\u00fcr entstandene Sch\u00e4den, entgangene Vorteile oder sonstige mittelbare oder unmittelbare Folgen, welche aus der Nutzung der hier angebotenen Informationen entstehen, nicht haftbar gemacht werden.<\/p>\n","protected":false},"excerpt":{"rendered":"<p>Rechtsanwalt Ole Eilers, M.B.A. Provider in terms of the \u201eTeledienstegesetz\u201c Rechtsanwalt Ole Eilers, Liebigstr 12, 80538 M\u00fcnchen The person responsible in terms of \u00a7 6 II Mediendienstestaatsvertrag Rechtsanwalt Ole Eilers, VAT Reg.No:&nbsp;DE 248459770 Ole Eilers Rechtsanwalt has acquired the occupation licence for Germany.&nbsp; Rechtsanwalt Ole Eilers is a member of the Lawyer Chamber&nbsp;for the federal [&hellip;]<\/p>\n","protected":false},"author":1,"featured_media":0,"parent":0,"menu_order":0,"comment_status":"closed","ping_status":"closed","template":"","meta":{"site-sidebar-layout":"default","site-content-layout":"default","ast-site-content-layout":"default","site-content-style":"default","site-sidebar-style":"default","ast-global-header-display":"","ast-banner-title-visibility":"","ast-main-header-display":"","ast-hfb-above-header-display":"","ast-hfb-below-header-display":"","ast-hfb-mobile-header-display":"","site-post-title":"","ast-breadcrumbs-content":"","ast-featured-img":"","footer-sml-layout":"","theme-transparent-header-meta":"default","adv-header-id-meta":"","stick-header-meta":"","header-above-stick-meta":"","header-main-stick-meta":"","header-below-stick-meta":"","astra-migrate-meta-layouts":"default","ast-page-background-enabled":"default","ast-page-background-meta":{"desktop":{"background-color":"","background-image":"","background-repeat":"repeat","background-position":"center center","background-size":"auto","background-attachment":"scroll","background-type":"","background-media":"","overlay-type":"","overlay-color":"","overlay-opacity":"","overlay-gradient":""},"tablet":{"background-color":"","background-image":"","background-repeat":"repeat","background-position":"center center","background-size":"auto","background-attachment":"scroll","background-type":"","background-media":"","overlay-type":"","overlay-color":"","overlay-opacity":"","overlay-gradient":""},"mobile":{"background-color":"","background-image":"","background-repeat":"repeat","background-position":"center center","background-size":"auto","background-attachment":"scroll","background-type":"","background-media":"","overlay-type":"","overlay-color":"","overlay-opacity":"","overlay-gradient":""}},"ast-content-background-meta":{"desktop":{"background-color":"var(--ast-global-color-5)","background-image":"","background-repeat":"repeat","background-position":"center center","background-size":"auto","background-attachment":"scroll","background-type":"","background-media":"","overlay-type":"","overlay-color":"","overlay-opacity":"","overlay-gradient":""},"tablet":{"background-color":"var(--ast-global-color-5)","background-image":"","background-repeat":"repeat","background-position":"center center","background-size":"auto","background-attachment":"scroll","background-type":"","background-media":"","overlay-type":"","overlay-color":"","overlay-opacity":"","overlay-gradient":""},"mobile":{"background-color":"var(--ast-global-color-5)","background-image":"","background-repeat":"repeat","background-position":"center center","background-size":"auto","background-attachment":"scroll","background-type":"","background-media":"","overlay-type":"","overlay-color":"","overlay-opacity":"","overlay-gradient":""}},"footnotes":""},"class_list":["post-57","page","type-page","status-publish","hentry"],"_links":{"self":[{"href":"http:\/\/rechtsexpert.de\/web\/wp-json\/wp\/v2\/pages\/57","targetHints":{"allow":["GET"]}}],"collection":[{"href":"http:\/\/rechtsexpert.de\/web\/wp-json\/wp\/v2\/pages"}],"about":[{"href":"http:\/\/rechtsexpert.de\/web\/wp-json\/wp\/v2\/types\/page"}],"author":[{"embeddable":true,"href":"http:\/\/rechtsexpert.de\/web\/wp-json\/wp\/v2\/users\/1"}],"replies":[{"embeddable":true,"href":"http:\/\/rechtsexpert.de\/web\/wp-json\/wp\/v2\/comments?post=57"}],"version-history":[{"count":6,"href":"http:\/\/rechtsexpert.de\/web\/wp-json\/wp\/v2\/pages\/57\/revisions"}],"predecessor-version":[{"id":79,"href":"http:\/\/rechtsexpert.de\/web\/wp-json\/wp\/v2\/pages\/57\/revisions\/79"}],"wp:attachment":[{"href":"http:\/\/rechtsexpert.de\/web\/wp-json\/wp\/v2\/media?parent=57"}],"curies":[{"name":"wp","href":"https:\/\/api.w.org\/{rel}","templated":true}]}}